{"id":112,"date":"2024-11-12T03:32:32","date_gmt":"2024-11-12T03:32:32","guid":{"rendered":"https:\/\/dimepmexico.com\/wordpress_Z\/index.php\/servicios\/"},"modified":"2024-12-16T17:45:30","modified_gmt":"2024-12-16T17:45:30","slug":"servicios","status":"publish","type":"page","link":"https:\/\/dimepmexico.com\/wordpress_Z\/index.php\/servicios\/","title":{"rendered":"Servicios"},"content":{"rendered":"\n\n\n\n","protected":false},"excerpt":{"rendered":"","protected":false},"author":1,"featured_media":0,"parent":0,"menu_order":0,"comment_status":"closed","ping_status":"closed","template":"page-servicios-template","meta":{"saved_in_kubio":true,"footnotes":""},"class_list":["post-112","page","type-page","status-publish","hentry"],"kubio_ai_page_context":{"short_desc":"Los sistemas de control en las industrias de manufactura de hoy en d\u00eda se han vuelto un elemento decisivo para las compa\u00f1\u00edas que se esfuerzan en tener una manufactura esbelta. Tales industrias toman en consideraci\u00f3n actualizar sus equipos para operar con la mayor eficacia y eficiencia posible.\n\nPara cumplir con estas demandas, DIMEP ofrece a su compa\u00f1\u00eda sistemas de control modernos en ingenier\u00eda de lazo abierto o de lazo cerrado, de modo que reduzcan las probabilidades de fallo; con el fin de aumentar su productividad de forma continua y reducir costos.","purpose":"services","isFrontPage":false},"_links":{"self":[{"href":"https:\/\/dimepmexico.com\/wordpress_Z\/index.php\/wp-json\/wp\/v2\/pages\/112","targetHints":{"allow":["GET"]}}],"collection":[{"href":"https:\/\/dimepmexico.com\/wordpress_Z\/index.php\/wp-json\/wp\/v2\/pages"}],"about":[{"href":"https:\/\/dimepmexico.com\/wordpress_Z\/index.php\/wp-json\/wp\/v2\/types\/page"}],"author":[{"embeddable":true,"href":"https:\/\/dimepmexico.com\/wordpress_Z\/index.php\/wp-json\/wp\/v2\/users\/1"}],"replies":[{"embeddable":true,"href":"https:\/\/dimepmexico.com\/wordpress_Z\/index.php\/wp-json\/wp\/v2\/comments?post=112"}],"version-history":[{"count":47,"href":"https:\/\/dimepmexico.com\/wordpress_Z\/index.php\/wp-json\/wp\/v2\/pages\/112\/revisions"}],"predecessor-version":[{"id":701,"href":"https:\/\/dimepmexico.com\/wordpress_Z\/index.php\/wp-json\/wp\/v2\/pages\/112\/revisions\/701"}],"wp:attachment":[{"href":"https:\/\/dimepmexico.com\/wordpress_Z\/index.php\/wp-json\/wp\/v2\/media?parent=112"}],"curies":[{"name":"wp","href":"https:\/\/api.w.org\/{rel}","templated":true}]}}